{"id":3930,"date":"2025-11-21T10:54:42","date_gmt":"2025-11-21T10:54:42","guid":{"rendered":"https:\/\/m-fitness.eu\/pour-les-clients-existants\/"},"modified":"2026-02-24T08:24:58","modified_gmt":"2026-02-24T08:24:58","slug":"pour-les-clients-existants","status":"publish","type":"page","link":"https:\/\/m-fitness.eu\/fr\/pour-les-clients-existants\/","title":{"rendered":"Pour les clients existants"},"content":{"rendered":"\t\t<div data-elementor-type=\"wp-page\" data-elementor-id=\"3930\" class=\"elementor elementor-3930 elementor-2939\" data-elementor-post-type=\"page\">\n\t\t\t\t<div class=\"elementor-element elementor-element-ca827cf e-con-full e-flex e-con e-parent\" data-id=\"ca827cf\" data-element_type=\"container\" data-e-type=\"container\" data-settings=\"{&quot;background_background&quot;:&quot;classic&quot;}\">\n\t\t<div class=\"elementor-element elementor-element-a5ce476 e-con-full e-flex e-con e-child\" data-id=\"a5ce476\" data-element_type=\"container\" data-e-type=\"container\">\n\t\t\t\t<div class=\"elementor-element elementor-element-946513f elementor-widget-mobile__width-initial elementor-widget-tablet__width-initial elementor-widget__width-inherit elementor-invisible elementor-widget elementor-widget-heading\" data-id=\"946513f\" data-element_type=\"widget\" data-e-type=\"widget\" data-settings=\"{&quot;_animation&quot;:&quot;fadeInUp&quot;}\" data-widget_type=\"heading.default\">\n\t\t\t\t\t<h1 class=\"elementor-heading-title elementor-size-default\">Bienvenue \u00e0 M-Fitness<\/h1>\t\t\t\t<\/div>\n\t\t\t\t<div class=\"elementor-element elementor-element-7a091a9 elementor-widget__width-initial elementor-invisible elementor-widget elementor-widget-heading\" data-id=\"7a091a9\" data-element_type=\"widget\" data-e-type=\"widget\" data-settings=\"{&quot;_animation&quot;:&quot;fadeInUp&quot;,&quot;_animation_delay&quot;:100}\" data-widget_type=\"heading.default\">\n\t\t\t\t\t<p class=\"elementor-heading-title elementor-size-default\">Vous \u00eates d\u00e9j\u00e0 client ? Vous trouverez ensuite facilement toutes les informations n\u00e9cessaires, le suivi et l'assistance via notre portail client. Des demandes de service aux manuels en passant par la planification de la maintenance, tout est centralis\u00e9.<\/p>\t\t\t\t<\/div>\n\t\t\t\t<div class=\"elementor-element elementor-element-964b870 elementor-mobile-align-justify custom-button elementor-invisible elementor-widget elementor-widget-button\" data-id=\"964b870\" data-element_type=\"widget\" data-e-type=\"widget\" data-settings=\"{&quot;_animation&quot;:&quot;fadeInUp&quot;,&quot;_animation_mobile&quot;:&quot;fadeInUp&quot;,&quot;_animation_delay&quot;:200,&quot;_animation_tablet&quot;:&quot;fadeInUp&quot;}\" data-widget_type=\"button.default\">\n\t\t\t\t\t\t\t\t\t\t<a class=\"elementor-button elementor-button-link elementor-size-sm\" href=\"#\">\n\t\t\t\t\t\t<span class=\"elementor-button-content-wrapper\">\n\t\t\t\t\t\t\t\t\t<span class=\"elementor-button-text\">Acc\u00e9der au portail client<\/span>\n\t\t\t\t\t<\/span>\n\t\t\t\t\t<\/a>\n\t\t\t\t\t\t\t\t<\/div>\n\t\t\t\t<\/div>\n\t\t\t\t<\/div>\n\t\t<div class=\"elementor-element elementor-element-ef109a7 e-flex e-con-boxed e-con e-parent\" data-id=\"ef109a7\" data-element_type=\"container\" data-e-type=\"container\">\n\t\t\t\t\t<div class=\"e-con-inner\">\n\t\t\t\t<div class=\"elementor-element elementor-element-24f182c elementor-widget elementor-widget-template\" data-id=\"24f182c\" data-element_type=\"widget\" data-e-type=\"widget\" data-widget_type=\"template.default\">\n\t\t\t\t<div class=\"elementor-widget-container\">\n\t\t\t\t\t\t\t<div class=\"elementor-template\">\n\t\t\t\t\t<div data-elementor-type=\"section\" data-elementor-id=\"4125\" class=\"elementor elementor-4125 elementor-575 elementor-575\" data-elementor-post-type=\"elementor_library\">\n\t\t\t<div class=\"elementor-element elementor-element-cd2c9e8 e-con-full e-flex e-con e-parent\" data-id=\"cd2c9e8\" data-element_type=\"container\" data-e-type=\"container\">\n\t\t\t\t<div class=\"elementor-element elementor-element-44e0409 elementor-cta--skin-cover elementor-widget__width-inherit elementor-invisible elementor-widget elementor-widget-call-to-action\" data-id=\"44e0409\" data-element_type=\"widget\" data-e-type=\"widget\" data-settings=\"{&quot;_animation&quot;:&quot;fadeInLeft&quot;,&quot;_animation_mobile&quot;:&quot;fadeInUp&quot;}\" data-widget_type=\"call-to-action.default\">\n\t\t\t\t\t\t\t<div class=\"elementor-cta\">\n\t\t\t\t\t<div class=\"elementor-cta__bg-wrapper\">\n\t\t\t\t<div class=\"elementor-cta__bg elementor-bg\" style=\"background-image: url(https:\/\/m-fitness.eu\/wp-content\/uploads\/2025\/11\/graphic-with-bg.png);\" role=\"img\" aria-label=\"graphique-avec-bg\"><\/div>\n\t\t\t\t<div class=\"elementor-cta__bg-overlay\"><\/div>\n\t\t\t<\/div>\n\t\t\t\t\t\t\t<div class=\"elementor-cta__content\">\n\t\t\t\t\t\t\t\t\t<div class=\"elementor-content-item elementor-cta__content-item elementor-icon-wrapper elementor-cta__icon elementor-view-default\">\n\t\t\t\t\t\t<div class=\"elementor-icon\">\n\t\t\t\t\t\t\t<svg xmlns=\"http:\/\/www.w3.org\/2000\/svg\" id=\"Layer_1\" height=\"512\" viewBox=\"0 0 512 512\" width=\"512\"><path d=\"m272.066 512h-32.133c-25.989 0-47.134-21.144-47.134-47.133v-10.871c-11.049-3.53-21.784-7.986-32.097-13.323l-7.704 7.704c-18.659 18.682-48.548 18.134-66.665-.007l-22.711-22.71c-18.149-18.129-18.671-48.008.006-66.665l7.698-7.698c-5.337-10.313-9.792-21.046-13.323-32.097h-10.87c-25.988 0-47.133-21.144-47.133-47.133v-32.134c0-25.989 21.145-47.133 47.134-47.133h10.87c3.531-11.05 7.986-21.784 13.323-32.097l-7.704-7.703c-18.666-18.646-18.151-48.528.006-66.665l22.713-22.712c18.159-18.184 48.041-18.638 66.664.006l7.697 7.697c10.313-5.336 21.048-9.792 32.097-13.323v-10.87c0-25.989 21.144-47.133 47.134-47.133h32.133c25.989 0 47.133 21.144 47.133 47.133v10.871c11.049 3.53 21.784 7.986 32.097 13.323l7.704-7.704c18.659-18.682 48.548-18.134 66.665.007l22.711 22.71c18.149 18.129 18.671 48.008-.006 66.665l-7.698 7.698c5.337 10.313 9.792 21.046 13.323 32.097h10.87c25.989 0 47.134 21.144 47.134 47.133v32.134c0 25.989-21.145 47.133-47.134 47.133h-10.87c-3.531 11.05-7.986 21.784-13.323 32.097l7.704 7.704c18.666 18.646 18.151 48.528-.006 66.665l-22.713 22.712c-18.159 18.184-48.041 18.638-66.664-.006l-7.697-7.697c-10.313 5.336-21.048 9.792-32.097 13.323v10.871c0 25.987-21.144 47.131-47.134 47.131zm-106.349-102.83c14.327 8.473 29.747 14.874 45.831 19.025 6.624 1.709 11.252 7.683 11.252 14.524v22.148c0 9.447 7.687 17.133 17.134 17.133h32.133c9.447 0 17.134-7.686 17.134-17.133v-22.148c0-6.841 4.628-12.815 11.252-14.524 16.084-4.151 31.504-10.552 45.831-19.025 5.895-3.486 13.4-2.538 18.243 2.305l15.688 15.689c6.764 6.772 17.626 6.615 24.224.007l22.727-22.726c6.582-6.574 6.802-17.438.006-24.225l-15.695-15.695c-4.842-4.842-5.79-12.348-2.305-18.242 8.473-14.326 14.873-29.746 19.024-45.831 1.71-6.624 7.684-11.251 14.524-11.251h22.147c9.447 0 17.134-7.686 17.134-17.133v-32.134c0-9.447-7.687-17.133-17.134-17.133h-22.147c-6.841 0-12.814-4.628-14.524-11.251-4.151-16.085-10.552-31.505-19.024-45.831-3.485-5.894-2.537-13.4 2.305-18.242l15.689-15.689c6.782-6.774 6.605-17.634.006-24.225l-22.725-22.725c-6.587-6.596-17.451-6.789-24.225-.006l-15.694 15.695c-4.842 4.843-12.35 5.791-18.243 2.305-14.327-8.473-29.747-14.874-45.831-19.025-6.624-1.709-11.252-7.683-11.252-14.524v-22.15c0-9.447-7.687-17.133-17.134-17.133h-32.133c-9.447 0-17.134 7.686-17.134 17.133v22.148c0 6.841-4.628 12.815-11.252 14.524-16.084 4.151-31.504 10.552-45.831 19.025-5.896 3.485-13.401 2.537-18.243-2.305l-15.688-15.689c-6.764-6.772-17.627-6.615-24.224-.007l-22.727 22.726c-6.582 6.574-6.802 17.437-.006 24.225l15.695 15.695c4.842 4.842 5.79 12.348 2.305 18.242-8.473 14.326-14.873 29.746-19.024 45.831-1.71 6.624-7.684 11.251-14.524 11.251h-22.148c-9.447.001-17.134 7.687-17.134 17.134v32.134c0 9.447 7.687 17.133 17.134 17.133h22.147c6.841 0 12.814 4.628 14.524 11.251 4.151 16.085 10.552 31.505 19.024 45.831 3.485 5.894 2.537 13.4-2.305 18.242l-15.689 15.689c-6.782 6.774-6.605 17.634-.006 24.225l22.725 22.725c6.587 6.596 17.451 6.789 24.225.006l15.694-15.695c3.568-3.567 10.991-6.594 18.244-2.304z\"><\/path><path d=\"m256 367.4c-61.427 0-111.4-49.974-111.4-111.4s49.973-111.4 111.4-111.4 111.4 49.974 111.4 111.4-49.973 111.4-111.4 111.4zm0-192.8c-44.885 0-81.4 36.516-81.4 81.4s36.516 81.4 81.4 81.4 81.4-36.516 81.4-81.4-36.515-81.4-81.4-81.4z\"><\/path><\/svg>\t\t\t\t\t\t<\/div>\n\t\t\t\t\t<\/div>\n\t\t\t\t\n\t\t\t\t\t\t\t\t\t<h3 class=\"elementor-cta__title elementor-cta__content-item elementor-content-item\">\n\t\t\t\t\t\tUne salle de sport \u00e0 la mesure de vos ambitions\t\t\t\t\t<\/h3>\n\t\t\t\t\n\t\t\t\t\t\t\t\t\t<div class=\"elementor-cta__description elementor-cta__content-item elementor-content-item\">\n\t\t\t\t\t\tObtenez une solution sur mesure pour que votre club ne se contente pas de fonctionner, mais qu'il se d\u00e9veloppe.\n\t\t\t\t\t<\/div>\n\t\t\t\t\n\t\t\t\t\t\t\t<\/div>\n\t\t\t\t\t\t<\/div>\n\t\t\t\t\t\t<\/div>\n\t\t\t\t<div class=\"elementor-element elementor-element-e922aac elementor-cta--skin-cover elementor-widget__width-inherit elementor-widget elementor-widget-call-to-action\" data-id=\"e922aac\" data-element_type=\"widget\" data-e-type=\"widget\" data-settings=\"{&quot;_animation_mobile&quot;:&quot;fadeInUp&quot;}\" data-widget_type=\"call-to-action.default\">\n\t\t\t\t\t\t\t<div class=\"elementor-cta\">\n\t\t\t\t\t<div class=\"elementor-cta__bg-wrapper\">\n\t\t\t\t<div class=\"elementor-cta__bg elementor-bg\" style=\"background-image: url(https:\/\/m-fitness.eu\/wp-content\/uploads\/2025\/11\/graphic-with-bg.png);\" role=\"img\" aria-label=\"graphique-avec-bg\"><\/div>\n\t\t\t\t<div class=\"elementor-cta__bg-overlay\"><\/div>\n\t\t\t<\/div>\n\t\t\t\t\t\t\t<div class=\"elementor-cta__content\">\n\t\t\t\t\t\t\t\t\t<div class=\"elementor-content-item elementor-cta__content-item elementor-icon-wrapper elementor-cta__icon elementor-view-default\">\n\t\t\t\t\t\t<div class=\"elementor-icon\">\n\t\t\t\t\t\t\t<svg xmlns=\"http:\/\/www.w3.org\/2000\/svg\" xmlns:xlink=\"http:\/\/www.w3.org\/1999\/xlink\" id=\"Capa_1\" x=\"0px\" y=\"0px\" viewBox=\"0 0 512 512\" style=\"enable-background:new 0 0 512 512;\" xml:space=\"preserve\"><g>\t<g>\t\t<path d=\"M437,268.152h-50.118c-6.821,0-13.425,0.932-19.71,2.646c-12.398-24.372-37.71-41.118-66.877-41.118h-88.59   c-29.167,0-54.479,16.746-66.877,41.118c-6.285-1.714-12.889-2.646-19.71-2.646H75c-41.355,0-75,33.645-75,75v80.118   c0,24.813,20.187,45,45,45h422c24.813,0,45-20.187,45-45v-80.118C512,301.797,478.355,268.152,437,268.152z M136.705,304.682   v133.589H45c-8.271,0-15-6.729-15-15v-80.118c0-24.813,20.187-45,45-45h50.118c4.072,0,8.015,0.553,11.769,1.572   C136.779,301.366,136.705,303.016,136.705,304.682z M345.295,438.271h-178.59V304.681c0-24.813,20.187-45,45-45h88.59   c24.813,0,45,20.187,45,45V438.271z M482,423.271c0,8.271-6.729,15-15,15h-91.705v-133.59c0-1.667-0.074-3.317-0.182-4.957   c3.754-1.018,7.697-1.572,11.769-1.572H437c24.813,0,45,20.187,45,45V423.271z\"><\/path>\t<\/g><\/g><g>\t<g>\t\t<path d=\"M100.06,126.504c-36.749,0-66.646,29.897-66.646,66.646c-0.001,36.749,29.897,66.646,66.646,66.646   c36.748,0,66.646-29.897,66.646-66.646C166.706,156.401,136.809,126.504,100.06,126.504z M100.059,229.796   c-20.207,0-36.646-16.439-36.646-36.646c0-20.207,16.439-36.646,36.646-36.646c20.207,0,36.646,16.439,36.646,36.646   C136.705,213.357,120.266,229.796,100.059,229.796z\"><\/path>\t<\/g><\/g><g>\t<g>\t\t<path d=\"M256,43.729c-49.096,0-89.038,39.942-89.038,89.038c0,49.096,39.942,89.038,89.038,89.038s89.038-39.942,89.038-89.038   C345.038,83.672,305.096,43.729,256,43.729z M256,191.805c-32.554,0-59.038-26.484-59.038-59.038   c0-32.553,26.484-59.038,59.038-59.038s59.038,26.484,59.038,59.038C315.038,165.321,288.554,191.805,256,191.805z\"><\/path>\t<\/g><\/g><g>\t<g>\t\t<path d=\"M411.94,126.504c-36.748,0-66.646,29.897-66.646,66.646c0.001,36.749,29.898,66.646,66.646,66.646   c36.749,0,66.646-29.897,66.646-66.646C478.586,156.401,448.689,126.504,411.94,126.504z M411.94,229.796   c-20.206,0-36.646-16.439-36.646-36.646c0.001-20.207,16.44-36.646,36.646-36.646c20.207,0,36.646,16.439,36.646,36.646   C448.586,213.357,432.147,229.796,411.94,229.796z\"><\/path>\t<\/g><\/g><g><\/g><g><\/g><g><\/g><g><\/g><g><\/g><g><\/g><g><\/g><g><\/g><g><\/g><g><\/g><g><\/g><g><\/g><g><\/g><g><\/g><g><\/g><\/svg>\t\t\t\t\t\t<\/div>\n\t\t\t\t\t<\/div>\n\t\t\t\t\n\t\t\t\t\t\t\t\t\t<h3 class=\"elementor-cta__title elementor-cta__content-item elementor-content-item\">\n\t\t\t\t\t\tPlus que des appareils : un partenaire strat\u00e9gique\t\t\t\t\t<\/h3>\n\t\t\t\t\n\t\t\t\t\t\t\t\t\t<div class=\"elementor-cta__description elementor-cta__content-item elementor-content-item\">\n\t\t\t\t\t\tNous vous aidons \u00e0 r\u00e9fl\u00e9chir \u00e0 l'agencement et \u00e0 choisir l'\u00e9quipement id\u00e9al pour votre fitness.\n\t\t\t\t\t<\/div>\n\t\t\t\t\n\t\t\t\t\t\t\t<\/div>\n\t\t\t\t\t\t<\/div>\n\t\t\t\t\t\t<\/div>\n\t\t\t\t<div class=\"elementor-element elementor-element-1d30df6 elementor-cta--skin-cover elementor-widget__width-inherit elementor-invisible elementor-widget elementor-widget-call-to-action\" data-id=\"1d30df6\" data-element_type=\"widget\" data-e-type=\"widget\" data-settings=\"{&quot;_animation&quot;:&quot;fadeInRight&quot;,&quot;_animation_mobile&quot;:&quot;fadeInUp&quot;}\" data-widget_type=\"call-to-action.default\">\n\t\t\t\t\t\t\t<div class=\"elementor-cta\">\n\t\t\t\t\t<div class=\"elementor-cta__bg-wrapper\">\n\t\t\t\t<div class=\"elementor-cta__bg elementor-bg\" style=\"background-image: url(https:\/\/m-fitness.eu\/wp-content\/uploads\/2025\/11\/graphic-with-bg.png);\" role=\"img\" aria-label=\"graphique-avec-bg\"><\/div>\n\t\t\t\t<div class=\"elementor-cta__bg-overlay\"><\/div>\n\t\t\t<\/div>\n\t\t\t\t\t\t\t<div class=\"elementor-cta__content\">\n\t\t\t\t\t\t\t\t\t<div class=\"elementor-content-item elementor-cta__content-item elementor-icon-wrapper elementor-cta__icon elementor-view-default\">\n\t\t\t\t\t\t<div class=\"elementor-icon\">\n\t\t\t\t\t\t\t<svg xmlns=\"http:\/\/www.w3.org\/2000\/svg\" id=\"Layer_1\" height=\"512\" viewBox=\"0 0 512 512\" width=\"512\"><g><path d=\"m507.606 116.842-112.467-112.466c-5.586-5.811-15.628-5.81-21.213 0l-112.466 112.466c-4.29 4.29-5.573 10.742-3.252 16.347 2.322 5.605 7.792 9.26 13.858 9.26h49.267v354.533c0 8.284 6.716 15 15 15h96.4c8.284 0 15-6.716 15-15v-354.533h49.267c6.067 0 11.537-3.655 13.858-9.26s1.038-12.056-3.252-16.347zm-74.873-4.393c-8.284 0-15 6.716-15 15v354.533h-66.4v-354.533c0-8.284-6.716-15-15-15h-28.054l76.253-76.253 76.253 76.253z\"><\/path><path d=\"m272.067 208.849h-96.4c-8.284 0-15 6.716-15 15v273.133c0 8.284 6.716 15 15 15h96.4c8.284 0 15-6.716 15-15v-273.133c0-8.284-6.716-15-15-15zm-15 273.133h-66.4v-243.133h66.4z\"><\/path><path d=\"m111.4 337.382h-96.4c-8.284 0-15 6.716-15 15v144.6c0 8.284 6.716 15 15 15h96.4c8.284 0 15-6.716 15-15v-144.6c0-8.284-6.716-15-15-15zm-15 144.6h-66.4v-114.6h66.4z\"><\/path><\/g><\/svg>\t\t\t\t\t\t<\/div>\n\t\t\t\t\t<\/div>\n\t\t\t\t\n\t\t\t\t\t\t\t\t\t<h3 class=\"elementor-cta__title elementor-cta__content-item elementor-content-item\">\n\t\t\t\t\t\tDes entrepreneurs pour des entrepreneurs\t\t\t\t\t<\/h3>\n\t\t\t\t\n\t\t\t\t\t\t\t\t\t<div class=\"elementor-cta__description elementor-cta__content-item elementor-content-item\">\n\t\t\t\t\t\tNous r\u00e9fl\u00e9chissons avec vous au financement, \u00e0 l'investissement et \u00e0 la croissance durable.\t\t\t\t\t<\/div>\n\t\t\t\t\n\t\t\t\t\t\t\t<\/div>\n\t\t\t\t\t\t<\/div>\n\t\t\t\t\t\t<\/div>\n\t\t\t\t<\/div>\n\t\t\t\t<\/div>\n\t\t\t\t<\/div>\n\t\t\t\t\t\t<\/div>\n\t\t\t\t<\/div>\n\t\t\t\t\t<\/div>\n\t\t\t\t<\/div>\n\t\t\t\t<\/div>\n\t\t","protected":false},"excerpt":{"rendered":"<p>Bienvenue \u00e0 M-Fitness Vous \u00eates d\u00e9j\u00e0 client ? Vous trouverez ensuite facilement toutes les informations n\u00e9cessaires, le suivi et l&rsquo;assistance via notre portail client. Des demandes de service aux manuels en passant par la planification de la maintenance, tout est centralis\u00e9. Acc\u00e9der au portail client<\/p>\n","protected":false},"author":2,"featured_media":0,"parent":0,"menu_order":0,"comment_status":"closed","ping_status":"closed","template":"","meta":{"_acf_changed":false,"footnotes":""},"class_list":["post-3930","page","type-page","status-publish","hentry"],"acf":[],"_links":{"self":[{"href":"https:\/\/m-fitness.eu\/fr\/wp-json\/wp\/v2\/pages\/3930","targetHints":{"allow":["GET"]}}],"collection":[{"href":"https:\/\/m-fitness.eu\/fr\/wp-json\/wp\/v2\/pages"}],"about":[{"href":"https:\/\/m-fitness.eu\/fr\/wp-json\/wp\/v2\/types\/page"}],"author":[{"embeddable":true,"href":"https:\/\/m-fitness.eu\/fr\/wp-json\/wp\/v2\/users\/2"}],"replies":[{"embeddable":true,"href":"https:\/\/m-fitness.eu\/fr\/wp-json\/wp\/v2\/comments?post=3930"}],"version-history":[{"count":1,"href":"https:\/\/m-fitness.eu\/fr\/wp-json\/wp\/v2\/pages\/3930\/revisions"}],"predecessor-version":[{"id":3935,"href":"https:\/\/m-fitness.eu\/fr\/wp-json\/wp\/v2\/pages\/3930\/revisions\/3935"}],"wp:attachment":[{"href":"https:\/\/m-fitness.eu\/fr\/wp-json\/wp\/v2\/media?parent=3930"}],"curies":[{"name":"wp","href":"https:\/\/api.w.org\/{rel}","templated":true}]}}