{"id":3931,"date":"2026-01-15T14:42:07","date_gmt":"2026-01-15T14:42:07","guid":{"rendered":"https:\/\/m-fitness.eu\/politique-en-matiere-de-cookies\/"},"modified":"2026-01-15T14:42:07","modified_gmt":"2026-01-15T14:42:07","slug":"politique-en-matiere-de-cookies","status":"publish","type":"page","link":"https:\/\/m-fitness.eu\/fr\/politique-en-matiere-de-cookies\/","title":{"rendered":"Politique en mati\u00e8re de cookies"},"content":{"rendered":"<h2><b>Politique en mati\u00e8re de cookies &#8211; M-Fitness<\/b><\/h2>\n<p><span style=\"font-weight: 400;\">Tout comme nous tenons \u00e0 une communication claire dans nos services, nous tenons \u00e9galement \u00e0 rester transparents en ce qui concerne les cookies. Vous pouvez lire ici quels sont les cookies que nous utilisons sur notre site web, pourquoi nous le faisons et comment vous pouvez les contr\u00f4ler. <\/span><\/p>\n<h3><b>Qu&rsquo;est-ce qu&rsquo;un biscuit ?<\/b><\/h3>\n<p><span style=\"font-weight: 400;\">Les cookies sont de petits fichiers que votre navigateur stocke lorsque vous visitez notre site web. Ils nous aident \u00e0 : <\/span><\/p>\n<ul>\n<li style=\"font-weight: 400;\" aria-level=\"1\"><span style=\"font-weight: 400;\">Faire en sorte que le site fonctionne bien<\/span><\/li>\n<li style=\"font-weight: 400;\" aria-level=\"1\"><span style=\"font-weight: 400;\">Mesurer ce qui fonctionne bien ou moins bien<\/span><\/li>\n<li style=\"font-weight: 400;\" aria-level=\"1\"><span style=\"font-weight: 400;\">Vous montrer des publicit\u00e9s pertinentes (si cela vous convient)<\/span><\/li>\n<\/ul>\n<h3><b>Quels sont les cookies que nous utilisons ?<\/b><\/h3>\n<p><span style=\"font-weight: 400;\">Nous utilisons trois types de cookies :<\/span><\/p>\n<h4><b>1. Cookies fonctionnels<\/b><\/h4>\n<p><span style=\"font-weight: 400;\">Ils sont n\u00e9cessaires au bon fonctionnement de notre site web. Par exemple, ils garantissent que vos pr\u00e9f\u00e9rences sont m\u00e9moris\u00e9es ou que la banni\u00e8re des cookies fonctionne correctement. Aucune autorisation n&rsquo;est requise pour ces cookies.  <\/span><\/p>\n<h4><b>2. Cookies analytiques<\/b><\/h4>\n<p><span style=\"font-weight: 400;\">Utiliser des outils tels que <\/span><b>Google Analytics<\/b><span style=\"font-weight: 400;\"> nous mesurons la mani\u00e8re dont les visiteurs utilisent notre site web : quelles pages sont visit\u00e9es, combien de temps les gens restent sur le site, etc. Cela nous permet de continuer \u00e0 am\u00e9liorer notre site. Ces donn\u00e9es sont anonymes, \u00e0 moins que vous n&rsquo;acceptiez explicitement le suivi.<\/span><\/p>\n<h4><b>3. Cookies de marketing et de suivi<\/b><\/h4>\n<p><span style=\"font-weight: 400;\">Si vous y consentez, nous installons des cookies provenant, entre autres, de <\/span><b>Google Ads<\/b><span style=\"font-weight: 400;\"> et de <\/span><b>Meta (Facebook\/Instagram)<\/b><span style=\"font-weight: 400;\">. Cela nous permet de vous montrer des publicit\u00e9s vraiment pertinentes, par exemple si vous avez d\u00e9j\u00e0 visit\u00e9 notre site web.<\/span><\/p>\n<p><span style=\"font-weight: 400;\">Ces cookies suivent votre comportement sur les sites web, ce qui permet un marketing personnalis\u00e9.<\/span><\/p>\n<h3><b>Gestion des cookies<\/b><\/h3>\n<p><span style=\"font-weight: 400;\">Lors de votre premi\u00e8re visite sur notre site, une banni\u00e8re cookie de <\/span><b>Cookiebot<\/b><span style=\"font-weight: 400;\">. Vous pouvez y sp\u00e9cifier les cookies que vous autorisez ou non.<\/span><span style=\"font-weight: 400;\"><br \/>\n<\/span><span style=\"font-weight: 400;\">Vous pouvez modifier vos pr\u00e9f\u00e9rences \u00e0 tout moment en cliquant sur le bouton \u00ab\u00a0Param\u00e8tres des cookies\u00a0\u00bb au bas de notre site web.<\/span><\/p>\n<h3><b>Aper\u00e7u des outils utilis\u00e9s<\/b><\/h3>\n<p><span style=\"font-weight: 400;\">Nous utilisons notamment les services suivants qui peuvent installer des cookies :<\/span><\/p>\n<ul>\n<li style=\"font-weight: 400;\" aria-level=\"1\"><b>Google Analytics<\/b><span style=\"font-weight: 400;\"> (statistiques)<\/span><\/li>\n<li style=\"font-weight: 400;\" aria-level=\"1\"><b>Google Tag Manager<\/b><span style=\"font-weight: 400;\"> (gestion des scripts et des codes de suivi)<\/span><\/li>\n<li style=\"font-weight: 400;\" aria-level=\"1\"><b>M\u00e9ta Pixel<\/b><span style=\"font-weight: 400;\"> (optimisation des publicit\u00e9s sur Facebook\/Instagram)<\/span><\/li>\n<li style=\"font-weight: 400;\" aria-level=\"1\"><b>Cookiebot<\/b><span style=\"font-weight: 400;\"> (gestion des pr\u00e9f\u00e9rences en mati\u00e8re de cookies)<\/span><\/li>\n<\/ul>\n<p><span style=\"font-weight: 400;\">Nous veillons \u00e0 ce que tous ces outils soient utilis\u00e9s dans le respect de la vie priv\u00e9e et des r\u00e8gles du GDPR.<\/span><\/p>\n<h3><b>Des questions ?<\/b><\/h3>\n<p><span style=\"font-weight: 400;\">Vous avez des questions sur cette politique en mati\u00e8re de cookies ou sur la mani\u00e8re dont nous traitons vos donn\u00e9es ? Veuillez \u00e9galement consulter notre politique de confidentialit\u00e9 ou nous contacter \u00e0 l&rsquo;adresse suivante <\/span><a href=\"mailto:info@m-fitness.eu\"><b>info@m-fitness.eu<\/b><\/a><span style=\"font-weight: 400;\">.<\/span><\/p>\n","protected":false},"excerpt":{"rendered":"<p>Politique en mati\u00e8re de cookies &#8211; M-Fitness Tout comme nous tenons \u00e0 une communication claire dans nos services, nous tenons \u00e9galement \u00e0 rester transparents en ce qui concerne les cookies. Vous pouvez lire ici quels sont les cookies que nous utilisons sur notre site web, pourquoi nous le faisons et comment vous pouvez les contr\u00f4ler. [&hellip;]<\/p>\n","protected":false},"author":2,"featured_media":0,"parent":0,"menu_order":0,"comment_status":"closed","ping_status":"closed","template":"","meta":{"_acf_changed":false,"footnotes":""},"class_list":["post-3931","page","type-page","status-publish","hentry"],"acf":[],"_links":{"self":[{"href":"https:\/\/m-fitness.eu\/fr\/wp-json\/wp\/v2\/pages\/3931","targetHints":{"allow":["GET"]}}],"collection":[{"href":"https:\/\/m-fitness.eu\/fr\/wp-json\/wp\/v2\/pages"}],"about":[{"href":"https:\/\/m-fitness.eu\/fr\/wp-json\/wp\/v2\/types\/page"}],"author":[{"embeddable":true,"href":"https:\/\/m-fitness.eu\/fr\/wp-json\/wp\/v2\/users\/2"}],"replies":[{"embeddable":true,"href":"https:\/\/m-fitness.eu\/fr\/wp-json\/wp\/v2\/comments?post=3931"}],"version-history":[{"count":0,"href":"https:\/\/m-fitness.eu\/fr\/wp-json\/wp\/v2\/pages\/3931\/revisions"}],"wp:attachment":[{"href":"https:\/\/m-fitness.eu\/fr\/wp-json\/wp\/v2\/media?parent=3931"}],"curies":[{"name":"wp","href":"https:\/\/api.w.org\/{rel}","templated":true}]}}