{"id":3938,"date":"2026-01-15T14:32:01","date_gmt":"2026-01-15T14:32:01","guid":{"rendered":"https:\/\/m-fitness.eu\/politique-de-confidentialite\/"},"modified":"2026-01-15T14:32:01","modified_gmt":"2026-01-15T14:32:01","slug":"politique-de-confidentialite","status":"publish","type":"page","link":"https:\/\/m-fitness.eu\/fr\/politique-de-confidentialite\/","title":{"rendered":"Politique de confidentialit\u00e9"},"content":{"rendered":"<h2><b>Politique de confidentialit\u00e9 &#8211; M-Fitness<\/b><\/h2>\n<p><span style=\"font-weight: 400;\">Chez M-Fitness, nous aimons le mouvement &#8211; et aussi une communication claire. C&rsquo;est pourquoi nous vous expliquons ci-dessous quelles donn\u00e9es nous collectons, pourquoi nous le faisons et ce que vous avez \u00e0 dire \u00e0 ce sujet. <\/span><\/p>\n<h3><b>Qui sommes-nous ?<\/b><\/h3>\n<p><span style=\"font-weight: 400;\">Nous sommes <\/span><b>M-Fitness<\/b><span style=\"font-weight: 400;\">sp\u00e9cialiste des appareils de fitness et de l&rsquo;assistance aux entreprises, aux centres sportifs et aux clients professionnels. Nous fournissons non seulement des \u00e9quipements de pointe, mais aussi des conseils, des services et de l&rsquo;entretien.<\/span><\/p>\n<p><span style=\"font-weight: 400;\">Vous pouvez nous contacter \u00e0 l&rsquo;adresse suivante<\/span><span style=\"font-weight: 400;\"><br \/>\n<\/span><b>info@m-fitness.eu<\/b><\/p>\n<h3><b>Quelles sont les donn\u00e9es collect\u00e9es ?<\/b><\/h3>\n<p><span style=\"font-weight: 400;\">Lorsque vous nous contactez par l&rsquo;interm\u00e9diaire du site web, nous recueillons des informations :<\/span><\/p>\n<ul>\n<li style=\"font-weight: 400;\" aria-level=\"1\"><span style=\"font-weight: 400;\">Votre nom<\/span><\/li>\n<li style=\"font-weight: 400;\" aria-level=\"1\"><span style=\"font-weight: 400;\">Votre adresse \u00e9lectronique<\/span><\/li>\n<li style=\"font-weight: 400;\" aria-level=\"1\"><span style=\"font-weight: 400;\">Votre num\u00e9ro de t\u00e9l\u00e9phone<\/span><\/li>\n<li style=\"font-weight: 400;\" aria-level=\"1\"><span style=\"font-weight: 400;\">Nom de l&rsquo;entreprise (si renseign\u00e9)<\/span><\/li>\n<li style=\"font-weight: 400;\" aria-level=\"1\"><span style=\"font-weight: 400;\">Tout ce que vous saisissez vous-m\u00eame dans le formulaire de contact<\/span><\/li>\n<\/ul>\n<p><span style=\"font-weight: 400;\">Nous utilisons \u00e9galement des cookies pour comprendre comment les visiteurs utilisent notre site.<\/span><\/p>\n<h3><b>Pourquoi collectons-nous ces donn\u00e9es ?<\/b><\/h3>\n<p><span style=\"font-weight: 400;\">Nous utilisons vos donn\u00e9es pour :<\/span><\/p>\n<ul>\n<li style=\"font-weight: 400;\" aria-level=\"1\"><span style=\"font-weight: 400;\">Pour \u00eatre contact\u00e9 apr\u00e8s votre demande<\/span><\/li>\n<li style=\"font-weight: 400;\" aria-level=\"1\"><span style=\"font-weight: 400;\">Pr\u00e9parer des devis ou discuter de la collaboration<\/span><\/li>\n<li style=\"font-weight: 400;\" aria-level=\"1\"><span style=\"font-weight: 400;\">Questions ou commentaires compl\u00e9mentaires<\/span><\/li>\n<li style=\"font-weight: 400;\" aria-level=\"1\"><span style=\"font-weight: 400;\">Am\u00e9liorer notre site web et notre marketing (mesurer, c&rsquo;est savoir)<\/span><\/li>\n<li style=\"font-weight: 400;\" aria-level=\"1\"><span style=\"font-weight: 400;\">Vous pr\u00e9senter des annonces pertinentes par l&rsquo;interm\u00e9diaire de Google ou de Meta si vous en avez donn\u00e9 l&rsquo;autorisation<\/span><\/li>\n<\/ul>\n<h3><b>Cookies<\/b><\/h3>\n<p><span style=\"font-weight: 400;\">Nous utilisons des cookies sur notre site web. Ils permettent de s&rsquo;assurer que tout fonctionne techniquement, mais nous aident \u00e9galement \u00e0 comprendre comment les visiteurs utilisent le site &#8211; ainsi qu&rsquo;\u00e0 afficher des publicit\u00e9s cibl\u00e9es. <\/span><span style=\"font-weight: 400;\"><br \/>\n<\/span><span style=\"font-weight: 400;\">Nous utilisons, entre autres, les \u00e9l\u00e9ments suivants<\/span><\/p>\n<ul>\n<li style=\"font-weight: 400;\" aria-level=\"1\"><b>Google Analytics<\/b><span style=\"font-weight: 400;\"> (pour les statistiques sur les visiteurs)<\/span><\/li>\n<li style=\"font-weight: 400;\" aria-level=\"1\"><b>Google Tag Manager<\/b><span style=\"font-weight: 400;\"> (pour la gestion des scripts)<\/span><\/li>\n<li style=\"font-weight: 400;\" aria-level=\"1\"><b>M\u00e9tapixel<\/b><span style=\"font-weight: 400;\"> (pour l&rsquo;optimisation des annonces)<\/span><\/li>\n<li style=\"font-weight: 400;\" aria-level=\"1\"><b>Cookiebot<\/b><span style=\"font-weight: 400;\"> (pour g\u00e9rer vos pr\u00e9f\u00e9rences en mati\u00e8re de cookies)<\/span><\/li>\n<\/ul>\n<p><span style=\"font-weight: 400;\">Lors de votre premi\u00e8re visite sur notre site, une banni\u00e8re de cookies appara\u00eetra pour vous permettre de choisir les cookies que vous autorisez. Vous pouvez modifier vos pr\u00e9f\u00e9rences \u00e0 tout moment. <\/span><\/p>\n<p><span style=\"font-weight: 400;\">Pour en savoir plus, consultez notre politique en mati\u00e8re de cookies <\/span><span style=\"font-weight: 400;\">(ADD LINK).<\/span><\/p>\n<h3><b>Avec qui partageons-nous vos donn\u00e9es ?<\/b><\/h3>\n<p><span style=\"font-weight: 400;\">Nous partageons vos donn\u00e9es avec des tiers uniquement lorsque cela est n\u00e9cessaire \u00e0 la bonne ex\u00e9cution de nos services. Voici quelques exemples : <\/span><\/p>\n<ul>\n<li style=\"font-weight: 400;\" aria-level=\"1\"><span style=\"font-weight: 400;\">Partenaires techniques h\u00e9bergeant ou analysant le site web<\/span><\/li>\n<li style=\"font-weight: 400;\" aria-level=\"1\"><span style=\"font-weight: 400;\">Plateformes publicitaires telles que Google ou Meta (mais seulement apr\u00e8s autorisation)<\/span><\/li>\n<\/ul>\n<p><span style=\"font-weight: 400;\">Nous veillons \u00e0 ce que ces parties traitent \u00e9galement vos donn\u00e9es correctement.<\/span><\/p>\n<h3><b>Combien de temps conservons-nous vos donn\u00e9es ?<\/b><\/h3>\n<p><span style=\"font-weight: 400;\">Pas plus longtemps que n\u00e9cessaire. Nous conservons g\u00e9n\u00e9ralement vos donn\u00e9es aussi longtemps que n\u00e9cessaire pour assurer le suivi de votre candidature ou de votre projet. Parfois, nous devons conserver les donn\u00e9es plus longtemps, par exemple pour nous conformer \u00e0 des obligations l\u00e9gales ou fiscales.  <\/span><\/p>\n<h3><b>Vos droits<\/b><\/h3>\n<p><span style=\"font-weight: 400;\">Vous avez le droit de :<\/span><\/p>\n<ul>\n<li style=\"font-weight: 400;\" aria-level=\"1\"><span style=\"font-weight: 400;\">Visualisation de vos donn\u00e9es<\/span><\/li>\n<li style=\"font-weight: 400;\" aria-level=\"1\"><span style=\"font-weight: 400;\">Faire corriger ou supprimer vos donn\u00e9es<\/span><\/li>\n<li style=\"font-weight: 400;\" aria-level=\"1\"><span style=\"font-weight: 400;\">S&rsquo;opposer \u00e0 son utilisation<\/span><\/li>\n<li style=\"font-weight: 400;\" aria-level=\"1\"><span style=\"font-weight: 400;\">Retirer votre consentement<\/span><\/li>\n<li style=\"font-weight: 400;\" aria-level=\"1\"><span style=\"font-weight: 400;\">D\u00e9poser une plainte aupr\u00e8s de l&rsquo;Autorit\u00e9 de protection des donn\u00e9es<\/span><\/li>\n<\/ul>\n<p><span style=\"font-weight: 400;\">Vous souhaitez exercer l&rsquo;un de ces droits ? Si c&rsquo;est le cas, envoyez un courriel \u00e0 <\/span><b>info@m-fitness.eu<\/b><span style=\"font-weight: 400;\"> et nous serons heureux de vous aider.<\/span><\/p>\n<h3><b>Des questions ?<\/b><\/h3>\n<p><span style=\"font-weight: 400;\">Vous avez des questions sur cette politique de confidentialit\u00e9 ou vous souhaitez obtenir plus d&rsquo;informations sur la mani\u00e8re dont nous traitons les donn\u00e9es personnelles ? N&rsquo;h\u00e9sitez pas \u00e0 nous contacter \u00e0 l&rsquo;adresse suivante <\/span><a href=\"mailto:info@m-fitness.eu\"><b>info@m-fitness.eu<\/b><\/a><span style=\"font-weight: 400;\">.<\/span><\/p>\n","protected":false},"excerpt":{"rendered":"<p>Politique de confidentialit\u00e9 &#8211; M-Fitness Chez M-Fitness, nous aimons le mouvement &#8211; et aussi une communication claire. C&rsquo;est pourquoi nous vous expliquons ci-dessous quelles donn\u00e9es nous collectons, pourquoi nous le faisons et ce que vous avez \u00e0 dire \u00e0 ce sujet. Qui sommes-nous ? Nous sommes M-Fitnesssp\u00e9cialiste des appareils de fitness et de l&rsquo;assistance aux [&hellip;]<\/p>\n","protected":false},"author":2,"featured_media":0,"parent":0,"menu_order":0,"comment_status":"closed","ping_status":"closed","template":"","meta":{"_acf_changed":false,"footnotes":""},"class_list":["post-3938","page","type-page","status-publish","hentry"],"acf":[],"_links":{"self":[{"href":"https:\/\/m-fitness.eu\/fr\/wp-json\/wp\/v2\/pages\/3938","targetHints":{"allow":["GET"]}}],"collection":[{"href":"https:\/\/m-fitness.eu\/fr\/wp-json\/wp\/v2\/pages"}],"about":[{"href":"https:\/\/m-fitness.eu\/fr\/wp-json\/wp\/v2\/types\/page"}],"author":[{"embeddable":true,"href":"https:\/\/m-fitness.eu\/fr\/wp-json\/wp\/v2\/users\/2"}],"replies":[{"embeddable":true,"href":"https:\/\/m-fitness.eu\/fr\/wp-json\/wp\/v2\/comments?post=3938"}],"version-history":[{"count":0,"href":"https:\/\/m-fitness.eu\/fr\/wp-json\/wp\/v2\/pages\/3938\/revisions"}],"wp:attachment":[{"href":"https:\/\/m-fitness.eu\/fr\/wp-json\/wp\/v2\/media?parent=3938"}],"curies":[{"name":"wp","href":"https:\/\/api.w.org\/{rel}","templated":true}]}}